{"id":78,"date":"2017-04-24T10:56:30","date_gmt":"2017-04-24T08:56:30","guid":{"rendered":"http:\/\/www.cpasestaimpuis.be\/?page_id=78"},"modified":"2023-01-13T14:41:17","modified_gmt":"2023-01-13T13:41:17","slug":"logement","status":"publish","type":"page","link":"https:\/\/www.cpasestaimpuis.be\/index.php\/logement\/","title":{"rendered":"Logement"},"content":{"rendered":"<h6><strong>Rechercher un logement:<\/strong><\/h6>\n<p><!--more--><\/p>\n<p><strong>SCRL \u00ab\u00a0Les Heures Claires\u00a0\u00bb \u00e0 Estaimpuis<\/strong><\/p>\n<p>Si vous souhaitez introduire une demande de logement aupr\u00e8s de cette soci\u00e9t\u00e9, nous vous invitons \u00e0 contacter votre assistante sociale ou \u00e0 vous pr\u00e9senter \u00e0 leur permanence afin d&rsquo;\u00eatre assist\u00e9 dans vos d\u00e9marches.<\/p>\n<p>Vous trouverez toutes les informations n\u00e9cessaires sur leur <a href=\"http:\/\/www.lesheuresclaires.org\/\">site internet<\/a>.<\/p>\n<p><strong>Agence Immobili\u00e8re Sociale (A.I.S.) \u00e0 Mouscron<\/strong><\/p>\n<p>Si vous souhaitez introduire une demande de logement aupr\u00e8s de cette soci\u00e9t\u00e9, nous vous invitons \u00e0 contacter votre assistante sociale ou \u00e0 vous pr\u00e9senter \u00e0 leur permanence afin d&rsquo;\u00eatre assist\u00e9 dans vos d\u00e9marches.<\/p>\n<p>Vous trouverez les informations n\u00e9cessaires sur leur <a href=\"https:\/\/aismouscronlogement.be\/\">site internet<\/a>.<\/p>\n<p><strong>Agence Immobili\u00e8re Sociale (A.I.S.) \u00e0 Tournai<br \/><\/strong><\/p>\n<p>Si vous souhaitez introduire une demande de logement aupr\u00e8s de cette soci\u00e9t\u00e9, nous vous invitons \u00e0 contacter votre assistante sociale ou \u00e0 vous pr\u00e9senter \u00e0 leur permanence afin d&rsquo;\u00eatre assist\u00e9 dans vos d\u00e9marches.<\/p>\n<p>Vous trouverez les informations n\u00e9cessaires sur leur <a href=\"https:\/\/tournai-logement-asbl.business.site\/\">site internet<\/a>.<\/p>\n<p>Si vous souhaitez que l&rsquo;on vous aide \u00e0 remplir les formulaires d&rsquo;enqu\u00eate, nous vous invitons \u00e0 vous pr\u00e9senter \u00e0 l&rsquo;une de nos permanences.<\/p>\n\n\n<h3 class=\"wp-block-heading\"><strong><strong>Garantie locative:<\/strong><\/strong> <\/h3>\n\n\n\n<figure class=\"wp-block-image size-full\"><img loading=\"lazy\" decoding=\"async\" width=\"817\" height=\"631\" src=\"http:\/\/www.cpasestaimpuis.be\/wp-content\/uploads\/2023\/01\/image.png\" alt=\"\" class=\"wp-image-1871\" srcset=\"https:\/\/www.cpasestaimpuis.be\/wp-content\/uploads\/2023\/01\/image.png 817w, https:\/\/www.cpasestaimpuis.be\/wp-content\/uploads\/2023\/01\/image-300x232.png 300w, https:\/\/www.cpasestaimpuis.be\/wp-content\/uploads\/2023\/01\/image-768x593.png 768w\" sizes=\"(max-width: 817px) 100vw, 817px\" \/><\/figure>\n\n\n\n<p>Pour plus de renseignements, veuillez cliquer sur le lien suivant: <a href=\"https:\/\/www.swcs.be\/louer\/\">https:\/\/www.swcs.be\/louer\/<\/a><\/p>\n","protected":false},"excerpt":{"rendered":"<p>Rechercher un logement:<\/p>\n","protected":false},"author":1,"featured_media":0,"parent":0,"menu_order":0,"comment_status":"closed","ping_status":"closed","template":"","meta":{"footnotes":""},"_links":{"self":[{"href":"https:\/\/www.cpasestaimpuis.be\/index.php\/wp-json\/wp\/v2\/pages\/78"}],"collection":[{"href":"https:\/\/www.cpasestaimpuis.be\/index.php\/wp-json\/wp\/v2\/pages"}],"about":[{"href":"https:\/\/www.cpasestaimpuis.be\/index.php\/wp-json\/wp\/v2\/types\/page"}],"author":[{"embeddable":true,"href":"https:\/\/www.cpasestaimpuis.be\/index.php\/wp-json\/wp\/v2\/users\/1"}],"replies":[{"embeddable":true,"href":"https:\/\/www.cpasestaimpuis.be\/index.php\/wp-json\/wp\/v2\/comments?post=78"}],"version-history":[{"count":9,"href":"https:\/\/www.cpasestaimpuis.be\/index.php\/wp-json\/wp\/v2\/pages\/78\/revisions"}],"predecessor-version":[{"id":1872,"href":"https:\/\/www.cpasestaimpuis.be\/index.php\/wp-json\/wp\/v2\/pages\/78\/revisions\/1872"}],"wp:attachment":[{"href":"https:\/\/www.cpasestaimpuis.be\/index.php\/wp-json\/wp\/v2\/media?parent=78"}],"curies":[{"name":"wp","href":"https:\/\/api.w.org\/{rel}","templated":true}]}}