{"id":61,"date":"2017-04-24T10:13:44","date_gmt":"2017-04-24T08:13:44","guid":{"rendered":"http:\/\/www.cpasestaimpuis.be\/?page_id=61"},"modified":"2023-02-03T10:46:41","modified_gmt":"2023-02-03T09:46:41","slug":"nos-membres","status":"publish","type":"page","link":"https:\/\/www.cpasestaimpuis.be\/index.php\/nos-membres\/","title":{"rendered":"Nos membres"},"content":{"rendered":"<ul>\n<li>Le Pr\u00e9sident, <a href=\"http:\/\/www.cpasestaimpuis.be\/index.php\/le-president-jean-michel-nottebaert\/\">Monsieur Jean-Michel Nottebaert<\/a>.<\/li>\n<li>La Directrice G\u00e9n\u00e9rale f.f., <a href=\"http:\/\/www.cpasestaimpuis.be\/index.php\/le-directeur-general\/\">Madame Virginie Breyne<\/a>.<\/li>\n<li>La Directrice financi\u00e8re, <a href=\"http:\/\/www.cpasestaimpuis.be\/index.php\/la-directrice-financiere\/\">Emmanuelle Pee<\/a>.<\/li>\n<li>Nos <a href=\"http:\/\/www.cpasestaimpuis.be\/index.php\/nos-assistantes-sociales\/\">assistantes sociales<\/a>.<\/li>\n<li>Nos <a href=\"http:\/\/www.cpasestaimpuis.be\/index.php\/nos-conseillers\/\">conseillers<\/a>.<\/li>\n<\/ul>\n\n\n<p><\/p>\n","protected":false},"excerpt":{"rendered":"<p>Le Pr\u00e9sident, Monsieur Jean-Michel Nottebaert. La Directrice G\u00e9n\u00e9rale f.f., Madame Virginie Breyne. La Directrice financi\u00e8re, Emmanuelle Pee. Nos assistantes sociales.<\/p>\n","protected":false},"author":1,"featured_media":0,"parent":0,"menu_order":0,"comment_status":"closed","ping_status":"closed","template":"","meta":{"footnotes":""},"_links":{"self":[{"href":"https:\/\/www.cpasestaimpuis.be\/index.php\/wp-json\/wp\/v2\/pages\/61"}],"collection":[{"href":"https:\/\/www.cpasestaimpuis.be\/index.php\/wp-json\/wp\/v2\/pages"}],"about":[{"href":"https:\/\/www.cpasestaimpuis.be\/index.php\/wp-json\/wp\/v2\/types\/page"}],"author":[{"embeddable":true,"href":"https:\/\/www.cpasestaimpuis.be\/index.php\/wp-json\/wp\/v2\/users\/1"}],"replies":[{"embeddable":true,"href":"https:\/\/www.cpasestaimpuis.be\/index.php\/wp-json\/wp\/v2\/comments?post=61"}],"version-history":[{"count":8,"href":"https:\/\/www.cpasestaimpuis.be\/index.php\/wp-json\/wp\/v2\/pages\/61\/revisions"}],"predecessor-version":[{"id":1894,"href":"https:\/\/www.cpasestaimpuis.be\/index.php\/wp-json\/wp\/v2\/pages\/61\/revisions\/1894"}],"wp:attachment":[{"href":"https:\/\/www.cpasestaimpuis.be\/index.php\/wp-json\/wp\/v2\/media?parent=61"}],"curies":[{"name":"wp","href":"https:\/\/api.w.org\/{rel}","templated":true}]}}