{"id":6,"date":"2017-04-24T09:59:19","date_gmt":"2017-04-24T07:59:19","guid":{"rendered":"http:\/\/www.cpasestaimpuis.be\/?page_id=6"},"modified":"2023-01-12T12:15:28","modified_gmt":"2023-01-12T11:15:28","slug":"service-social","status":"publish","type":"page","link":"https:\/\/www.cpasestaimpuis.be\/index.php\/service-social\/","title":{"rendered":"Service social"},"content":{"rendered":"<p>Le service social est joignable par mail ou par t\u00e9l\u00e9phone du lundi au vendredi (voir coordonn\u00e9es dans la rubrique \u00ab\u00a0Nos Membres\u00a0\u00bb &#8211; \u00ab\u00a0Nos assistantes sociales\u00a0\u00bb).<\/p>\n<p><span style=\"text-decoration: underline;\">Qu&rsquo;est ce que l&rsquo;aide sociale ?<\/span><\/p>\n<p style=\"text-align: justify;\">L\u2019assistant social a pour but d\u2019aider les personnes et les familles \u00e0 surmonter les difficult\u00e9s dans lesquelles elles se trouvent. Dans un premier temps, il accueille et \u00e9coute les personnes avant de proc\u00e9der \u00e0 une enqu\u00eate sociale. Cette derni\u00e8re m\u00e8nera l\u2019assistant social \u00e0 un diagnostic pr\u00e9cis sur l\u2019existence et l\u2019\u00e9tendue du besoin d\u2019aide.<\/p>\n<p style=\"text-align: justify;\">Il propose ensuite les solutions les plus appropri\u00e9es pour faire face \u00e0 la situation. Il transmet notamment la documentation, les conseils et renseignements utiles, effectue les d\u00e9marches de nature \u00e0 pourvoir aux int\u00e9ress\u00e9s tous les droits et avantages auxquels ils peuvent pr\u00e9tendre dans le cadre de la l\u00e9gislation en vigueur.<\/p>\n<p style=\"text-align: justify;\">L\u2019aide fournie peut rev\u00eatir plusieurs formes\u00a0: une aide financi\u00e8re, m\u00e9dicale et pharmaceutique, avances sur prestations sociales, prise en charge de frais divers\u2026<\/p>\n<p style=\"text-align: justify;\">Les assistants sociaux redirigent, si n\u00e9cessaire, vers les services plus sp\u00e9cialis\u00e9s. Par exemple, en cas de surendettement, le service m\u00e9diation de dettes prendra le relai.<\/p>\n<p><span style=\"text-decoration: underline;\">Missions<\/span> :<\/p>\n<p>FINANCIER\u00a0: Endettement, absence ou insuffisance de ressources, \u2026<\/p>\n<p>LOGEMENT\u00a0: Expulsions, insalubrit\u00e9, manque de confort, allocations de chauffage,\u00a0 \u2026<\/p>\n<p>ADMINISTRATIF\u00a0: Allocations familiales, ch\u00f4mage, invalidit\u00e9, \u2026<\/p>\n<p>PSYCHO-SOCIAL\u00a0: Relation avec membres de la famille &#8211; alcoolisme &#8211; sant\u00e9 d\u00e9ficiente &#8211; divorce ou s\u00e9paration &#8211; placement en maison de repos, \u2026<\/p>\n<p>Administratif<\/p>\n<ul>\n<li>Contact avec organismes &amp; huissiers<\/li>\n<li>Demande de plan d&rsquo;apurement<\/li>\n<li>&#8230;.<\/li>\n<\/ul>\n<p>Financier<\/p>\n<ul>\n<li>Perte \/En attente de revenus : Allocations de ch\u00f4mage, indemnit\u00e9s de mutuelle, pension, &#8230;<\/li>\n<li>Difficult\u00e9s de gestion de vos finances<\/li>\n<li>Endettement<\/li>\n<\/ul>\n<p>Familial<\/p>\n<ul>\n<li>Enfant difficile<\/li>\n<li>M\u00e9sententes familiales &#8211;&gt; M\u00e9diation<\/li>\n<\/ul>\n<p>Premi\u00e8re n\u00e9cessit\u00e9<\/p>\n<ul>\n<li>Alimentaire &#8211;&gt; Banque alimentaire<\/li>\n<\/ul>\n","protected":false},"excerpt":{"rendered":"<p>Le service social est joignable par mail ou par t\u00e9l\u00e9phone du lundi au vendredi (voir coordonn\u00e9es dans la rubrique \u00ab\u00a0Nos<\/p>\n","protected":false},"author":1,"featured_media":0,"parent":0,"menu_order":0,"comment_status":"closed","ping_status":"closed","template":"","meta":{"footnotes":""},"_links":{"self":[{"href":"https:\/\/www.cpasestaimpuis.be\/index.php\/wp-json\/wp\/v2\/pages\/6"}],"collection":[{"href":"https:\/\/www.cpasestaimpuis.be\/index.php\/wp-json\/wp\/v2\/pages"}],"about":[{"href":"https:\/\/www.cpasestaimpuis.be\/index.php\/wp-json\/wp\/v2\/types\/page"}],"author":[{"embeddable":true,"href":"https:\/\/www.cpasestaimpuis.be\/index.php\/wp-json\/wp\/v2\/users\/1"}],"replies":[{"embeddable":true,"href":"https:\/\/www.cpasestaimpuis.be\/index.php\/wp-json\/wp\/v2\/comments?post=6"}],"version-history":[{"count":14,"href":"https:\/\/www.cpasestaimpuis.be\/index.php\/wp-json\/wp\/v2\/pages\/6\/revisions"}],"predecessor-version":[{"id":1834,"href":"https:\/\/www.cpasestaimpuis.be\/index.php\/wp-json\/wp\/v2\/pages\/6\/revisions\/1834"}],"wp:attachment":[{"href":"https:\/\/www.cpasestaimpuis.be\/index.php\/wp-json\/wp\/v2\/media?parent=6"}],"curies":[{"name":"wp","href":"https:\/\/api.w.org\/{rel}","templated":true}]}}