{"id":55,"date":"2017-04-24T10:08:45","date_gmt":"2017-04-24T08:08:45","guid":{"rendered":"http:\/\/www.cpasestaimpuis.be\/?page_id=55"},"modified":"2024-08-27T09:45:42","modified_gmt":"2024-08-27T07:45:42","slug":"nos-assistantes-sociales","status":"publish","type":"page","link":"https:\/\/www.cpasestaimpuis.be\/index.php\/nos-assistantes-sociales\/","title":{"rendered":"Nos assistantes sociales"},"content":{"rendered":"<p>Madame<strong> M\u00e9lanie ARCY<\/strong><\/p>\n<p>Responsable du service social &#8211; Aide sociale g\u00e9n\u00e9rale et gestions\/guidances budg\u00e9taires secteur Bailleul &#8211; Permanences sociales &#8211; M\u00e9diation de dettes &#8211; Banque alimentaire &#8211; Commission locale \u00e9nergie &#8211; R\u00e9f\u00e9rente Plan d&rsquo;intervention psycho-social.<\/p>\n<p><span style=\"text-decoration: underline;\">Email<\/span> : melaniearcy@estaimpuis.be &#8211; T\u00e9l\u00e9phone: 056\/48 13 22.<\/p>\n<p>Madame<strong> Maryse BURET<\/strong><\/p>\n<p>Aide sociale g\u00e9n\u00e9rale et gestions\/guidances budg\u00e9taires secteurs N\u00e9chin et St-L\u00e9ger &#8211; Permanences sociales &#8211; Insertion socio-professionnelle.<\/p>\n<p><span style=\"text-decoration: underline;\">Email<\/span> :\u00a0maryseburet@estaimpuis.be &#8211; T\u00e9l\u00e9phone: 056\/48 13 43.<\/p>\n<p>Madame<strong> Margot CALLENS<br \/>\n<\/strong><\/p>\n<p>Aide sociale g\u00e9n\u00e9rale et gestions\/guidances budg\u00e9taires secteurs Estaimpuis et Estaimbourg &#8211; Permanences sociales &#8211; Initiative Locale d\u2019Accueil (ILA) et ressortissants \u00e9trangers.<\/p>\n<p>Email : margot.callens@estaimpuis.be &#8211; T\u00e9l\u00e9phone: 056\/48 13 34.<\/p>\n<p>Madame<strong> Allison BOUCKENOOGHE<br \/>\n<\/strong><\/p>\n<p>Aide sociale g\u00e9n\u00e9rale et gestions\/guidances budg\u00e9taires secteurs Leers-Nord et Evregnies &#8211; Permanences sociales.<\/p>\n<p>Email : allison.bouckenooghe@estaimpuis.be &#8211; T\u00e9l\u00e9phone: 056\/48 13 33.<\/p>\n","protected":false},"excerpt":{"rendered":"<p>Madame M\u00e9lanie ARCY Responsable du service social &#8211; Aide sociale g\u00e9n\u00e9rale et gestions\/guidances budg\u00e9taires secteur Bailleul &#8211; Permanences sociales &#8211;<\/p>\n","protected":false},"author":1,"featured_media":0,"parent":0,"menu_order":0,"comment_status":"closed","ping_status":"closed","template":"","meta":{"footnotes":""},"_links":{"self":[{"href":"https:\/\/www.cpasestaimpuis.be\/index.php\/wp-json\/wp\/v2\/pages\/55"}],"collection":[{"href":"https:\/\/www.cpasestaimpuis.be\/index.php\/wp-json\/wp\/v2\/pages"}],"about":[{"href":"https:\/\/www.cpasestaimpuis.be\/index.php\/wp-json\/wp\/v2\/types\/page"}],"author":[{"embeddable":true,"href":"https:\/\/www.cpasestaimpuis.be\/index.php\/wp-json\/wp\/v2\/users\/1"}],"replies":[{"embeddable":true,"href":"https:\/\/www.cpasestaimpuis.be\/index.php\/wp-json\/wp\/v2\/comments?post=55"}],"version-history":[{"count":18,"href":"https:\/\/www.cpasestaimpuis.be\/index.php\/wp-json\/wp\/v2\/pages\/55\/revisions"}],"predecessor-version":[{"id":2001,"href":"https:\/\/www.cpasestaimpuis.be\/index.php\/wp-json\/wp\/v2\/pages\/55\/revisions\/2001"}],"wp:attachment":[{"href":"https:\/\/www.cpasestaimpuis.be\/index.php\/wp-json\/wp\/v2\/media?parent=55"}],"curies":[{"name":"wp","href":"https:\/\/api.w.org\/{rel}","templated":true}]}}