{"id":34,"date":"2017-04-24T10:05:05","date_gmt":"2017-04-24T08:05:05","guid":{"rendered":"http:\/\/www.cpasestaimpuis.be\/?page_id=34"},"modified":"2025-03-25T15:55:32","modified_gmt":"2025-03-25T14:55:32","slug":"nos-conseillers","status":"publish","type":"page","link":"https:\/\/www.cpasestaimpuis.be\/index.php\/nos-conseillers\/","title":{"rendered":"Nos conseillers"},"content":{"rendered":"\n<div class=\"wp-block-group\"><div class=\"wp-block-group__inner-container is-layout-flow wp-block-group-is-layout-flow\">\n<div class=\"wp-block-media-text is-stacked-on-mobile\" style=\"grid-template-columns:15% auto\"><figure class=\"wp-block-media-text__media\"><img loading=\"lazy\" decoding=\"async\" width=\"200\" height=\"200\" src=\"https:\/\/www.cpasestaimpuis.be\/wp-content\/uploads\/2025\/03\/cpas6-rotated.jpg\" alt=\"\" class=\"wp-image-2061 size-full\" srcset=\"https:\/\/www.cpasestaimpuis.be\/wp-content\/uploads\/2025\/03\/cpas6-rotated.jpg 200w, https:\/\/www.cpasestaimpuis.be\/wp-content\/uploads\/2025\/03\/cpas6-150x150.jpg 150w\" sizes=\"(max-width: 200px) 100vw, 200px\" \/><\/figure><div class=\"wp-block-media-text__content\">\n<p>Monsieur <strong>Guy TROOSTER<\/strong><\/p>\n<\/div><\/div>\n\n\n\n<div class=\"wp-block-media-text is-stacked-on-mobile\" style=\"grid-template-columns:15% auto\"><figure class=\"wp-block-media-text__media\"><img loading=\"lazy\" decoding=\"async\" width=\"200\" height=\"200\" src=\"https:\/\/www.cpasestaimpuis.be\/wp-content\/uploads\/2025\/03\/cpas4-rotated.jpg\" alt=\"\" class=\"wp-image-2063 size-full\" srcset=\"https:\/\/www.cpasestaimpuis.be\/wp-content\/uploads\/2025\/03\/cpas4-rotated.jpg 200w, https:\/\/www.cpasestaimpuis.be\/wp-content\/uploads\/2025\/03\/cpas4-150x150.jpg 150w\" sizes=\"(max-width: 200px) 100vw, 200px\" \/><\/figure><div class=\"wp-block-media-text__content\">\n<p>Madame <strong>Virginie EGGERMONT<\/strong><\/p>\n<\/div><\/div>\n\n\n\n<div class=\"wp-block-media-text is-stacked-on-mobile\" style=\"grid-template-columns:15% auto\"><figure class=\"wp-block-media-text__media\"><img loading=\"lazy\" decoding=\"async\" width=\"200\" height=\"200\" src=\"https:\/\/www.cpasestaimpuis.be\/wp-content\/uploads\/2025\/03\/cpas3-rotated.jpg\" alt=\"\" class=\"wp-image-2064 size-full\" srcset=\"https:\/\/www.cpasestaimpuis.be\/wp-content\/uploads\/2025\/03\/cpas3-rotated.jpg 200w, https:\/\/www.cpasestaimpuis.be\/wp-content\/uploads\/2025\/03\/cpas3-150x150.jpg 150w\" sizes=\"(max-width: 200px) 100vw, 200px\" \/><\/figure><div class=\"wp-block-media-text__content\">\n<p>Monsieur <strong>Arnaud DUBOIS<\/strong><\/p>\n<\/div><\/div>\n\n\n\n<div class=\"wp-block-media-text is-stacked-on-mobile\" style=\"grid-template-columns:15% auto\"><figure class=\"wp-block-media-text__media\"><img loading=\"lazy\" decoding=\"async\" width=\"200\" height=\"200\" src=\"https:\/\/www.cpasestaimpuis.be\/wp-content\/uploads\/2025\/03\/cpas1-rotated.jpg\" alt=\"\" class=\"wp-image-2065 size-full\" srcset=\"https:\/\/www.cpasestaimpuis.be\/wp-content\/uploads\/2025\/03\/cpas1-rotated.jpg 200w, https:\/\/www.cpasestaimpuis.be\/wp-content\/uploads\/2025\/03\/cpas1-150x150.jpg 150w\" sizes=\"(max-width: 200px) 100vw, 200px\" \/><\/figure><div class=\"wp-block-media-text__content\">\n<p>Madame <strong>St\u00e9phanie HANNEBAU<\/strong><\/p>\n<\/div><\/div>\n\n\n\n<div class=\"wp-block-media-text is-stacked-on-mobile\" style=\"grid-template-columns:15% auto\"><figure class=\"wp-block-media-text__media\"><img loading=\"lazy\" decoding=\"async\" width=\"200\" height=\"200\" src=\"https:\/\/www.cpasestaimpuis.be\/wp-content\/uploads\/2025\/03\/cpas7-rotated.jpg\" alt=\"\" class=\"wp-image-2066 size-full\" srcset=\"https:\/\/www.cpasestaimpuis.be\/wp-content\/uploads\/2025\/03\/cpas7-rotated.jpg 200w, https:\/\/www.cpasestaimpuis.be\/wp-content\/uploads\/2025\/03\/cpas7-150x150.jpg 150w\" sizes=\"(max-width: 200px) 100vw, 200px\" \/><\/figure><div class=\"wp-block-media-text__content\">\n<p>Monsieur <strong>Fr\u00e9d\u00e9ric LONCKE<\/strong><\/p>\n<\/div><\/div>\n\n\n\n<div class=\"wp-block-media-text is-stacked-on-mobile\" style=\"grid-template-columns:15% auto\"><figure class=\"wp-block-media-text__media\"><img loading=\"lazy\" decoding=\"async\" width=\"200\" height=\"200\" src=\"https:\/\/www.cpasestaimpuis.be\/wp-content\/uploads\/2025\/03\/cpas5-rotated.jpg\" alt=\"\" class=\"wp-image-2067 size-full\" srcset=\"https:\/\/www.cpasestaimpuis.be\/wp-content\/uploads\/2025\/03\/cpas5-rotated.jpg 200w, https:\/\/www.cpasestaimpuis.be\/wp-content\/uploads\/2025\/03\/cpas5-150x150.jpg 150w\" sizes=\"(max-width: 200px) 100vw, 200px\" \/><\/figure><div class=\"wp-block-media-text__content\">\n<p>Monsieur <strong>Philippe VANDENHEMEL<\/strong><\/p>\n<\/div><\/div>\n\n\n\n<div class=\"wp-block-media-text is-stacked-on-mobile\" style=\"grid-template-columns:15% auto\"><figure class=\"wp-block-media-text__media\"><img loading=\"lazy\" decoding=\"async\" width=\"200\" height=\"200\" src=\"https:\/\/www.cpasestaimpuis.be\/wp-content\/uploads\/2025\/03\/cpas8-rotated.jpg\" alt=\"\" class=\"wp-image-2068 size-full\" srcset=\"https:\/\/www.cpasestaimpuis.be\/wp-content\/uploads\/2025\/03\/cpas8-rotated.jpg 200w, https:\/\/www.cpasestaimpuis.be\/wp-content\/uploads\/2025\/03\/cpas8-150x150.jpg 150w\" sizes=\"(max-width: 200px) 100vw, 200px\" \/><\/figure><div class=\"wp-block-media-text__content\">\n<p>Madame <strong>Marine BAERT<\/strong><\/p>\n<\/div><\/div>\n\n\n\n<div class=\"wp-block-media-text is-stacked-on-mobile\" style=\"grid-template-columns:15% auto\"><figure class=\"wp-block-media-text__media\"><img loading=\"lazy\" decoding=\"async\" width=\"200\" height=\"200\" src=\"https:\/\/www.cpasestaimpuis.be\/wp-content\/uploads\/2025\/03\/cpas2-rotated.jpg\" alt=\"\" class=\"wp-image-2069 size-full\" srcset=\"https:\/\/www.cpasestaimpuis.be\/wp-content\/uploads\/2025\/03\/cpas2-rotated.jpg 200w, https:\/\/www.cpasestaimpuis.be\/wp-content\/uploads\/2025\/03\/cpas2-150x150.jpg 150w\" sizes=\"(max-width: 200px) 100vw, 200px\" \/><\/figure><div class=\"wp-block-media-text__content\">\n<p>Madame <strong>Tania BECQUE<\/strong><\/p>\n<\/div><\/div>\n\n\n\n<p><\/p>\n<\/div><\/div>\n\n\n\n<p><\/p>\n\n\n\n<p><\/p>\n","protected":false},"excerpt":{"rendered":"<p>Monsieur Guy TROOSTER Madame Virginie EGGERMONT Monsieur Arnaud DUBOIS Madame St\u00e9phanie HANNEBAU Monsieur Fr\u00e9d\u00e9ric LONCKE Monsieur Philippe VANDENHEMEL Madame Marine<\/p>\n","protected":false},"author":1,"featured_media":0,"parent":0,"menu_order":0,"comment_status":"closed","ping_status":"closed","template":"","meta":{"footnotes":""},"_links":{"self":[{"href":"https:\/\/www.cpasestaimpuis.be\/index.php\/wp-json\/wp\/v2\/pages\/34"}],"collection":[{"href":"https:\/\/www.cpasestaimpuis.be\/index.php\/wp-json\/wp\/v2\/pages"}],"about":[{"href":"https:\/\/www.cpasestaimpuis.be\/index.php\/wp-json\/wp\/v2\/types\/page"}],"author":[{"embeddable":true,"href":"https:\/\/www.cpasestaimpuis.be\/index.php\/wp-json\/wp\/v2\/users\/1"}],"replies":[{"embeddable":true,"href":"https:\/\/www.cpasestaimpuis.be\/index.php\/wp-json\/wp\/v2\/comments?post=34"}],"version-history":[{"count":40,"href":"https:\/\/www.cpasestaimpuis.be\/index.php\/wp-json\/wp\/v2\/pages\/34\/revisions"}],"predecessor-version":[{"id":2070,"href":"https:\/\/www.cpasestaimpuis.be\/index.php\/wp-json\/wp\/v2\/pages\/34\/revisions\/2070"}],"wp:attachment":[{"href":"https:\/\/www.cpasestaimpuis.be\/index.php\/wp-json\/wp\/v2\/media?parent=34"}],"curies":[{"name":"wp","href":"https:\/\/api.w.org\/{rel}","templated":true}]}}