{"id":29,"date":"2017-04-24T10:03:59","date_gmt":"2017-04-24T08:03:59","guid":{"rendered":"http:\/\/www.cpasestaimpuis.be\/?page_id=29"},"modified":"2025-03-06T11:46:49","modified_gmt":"2025-03-06T10:46:49","slug":"le-president-jean-michel-nottebaert","status":"publish","type":"page","link":"https:\/\/www.cpasestaimpuis.be\/index.php\/le-president-jean-michel-nottebaert\/","title":{"rendered":"Le Pr\u00e9sident,"},"content":{"rendered":"<h3>Geoffrey Vanbout<\/h3>\n<h3><img loading=\"lazy\" decoding=\"async\" class=\"alignleft wp-image-2039 size-medium\" src=\"http:\/\/www.cpasestaimpuis.be\/wp-content\/uploads\/2025\/02\/geo-238x300.jpg\" alt=\"\" width=\"238\" height=\"300\" srcset=\"https:\/\/www.cpasestaimpuis.be\/wp-content\/uploads\/2025\/02\/geo-238x300.jpg 238w, https:\/\/www.cpasestaimpuis.be\/wp-content\/uploads\/2025\/02\/geo-812x1024.jpg 812w, https:\/\/www.cpasestaimpuis.be\/wp-content\/uploads\/2025\/02\/geo-768x969.jpg 768w, https:\/\/www.cpasestaimpuis.be\/wp-content\/uploads\/2025\/02\/geo-1217x1536.jpg 1217w, https:\/\/www.cpasestaimpuis.be\/wp-content\/uploads\/2025\/02\/geo-1623x2048.jpg 1623w, https:\/\/www.cpasestaimpuis.be\/wp-content\/uploads\/2025\/02\/geo-rotated.jpg 1929w\" sizes=\"(max-width: 238px) 100vw, 238px\" \/><\/h3>\n<p><strong><span style=\"text-decoration: underline;\">Les permanences de notre Pr\u00e9sident<\/span> :<\/strong><\/p>\n<p>&#8211; Tous les lundis de 14h30 \u00e0 15h30 en p\u00e9riode scolaire ou sur rendez-vous.<\/p>\n<p><strong><span style=\"text-decoration: underline;\">Ses coordonn\u00e9es<\/span> :<\/strong><\/p>\n<p>Rue de Berne, 4 \u00e0 7730 Leers-Nord<\/p>\n<p>T\u00e9l.: 056\/48.13.40.<br \/>\nMail: geoffrey.vanbout@estaimpuis.be<\/p>\n","protected":false},"excerpt":{"rendered":"<p>Geoffrey Vanbout Les permanences de notre Pr\u00e9sident : &#8211; Tous les lundis de 14h30 \u00e0 15h30 en p\u00e9riode scolaire ou<\/p>\n","protected":false},"author":1,"featured_media":0,"parent":0,"menu_order":0,"comment_status":"closed","ping_status":"closed","template":"","meta":{"footnotes":""},"_links":{"self":[{"href":"https:\/\/www.cpasestaimpuis.be\/index.php\/wp-json\/wp\/v2\/pages\/29"}],"collection":[{"href":"https:\/\/www.cpasestaimpuis.be\/index.php\/wp-json\/wp\/v2\/pages"}],"about":[{"href":"https:\/\/www.cpasestaimpuis.be\/index.php\/wp-json\/wp\/v2\/types\/page"}],"author":[{"embeddable":true,"href":"https:\/\/www.cpasestaimpuis.be\/index.php\/wp-json\/wp\/v2\/users\/1"}],"replies":[{"embeddable":true,"href":"https:\/\/www.cpasestaimpuis.be\/index.php\/wp-json\/wp\/v2\/comments?post=29"}],"version-history":[{"count":22,"href":"https:\/\/www.cpasestaimpuis.be\/index.php\/wp-json\/wp\/v2\/pages\/29\/revisions"}],"predecessor-version":[{"id":2054,"href":"https:\/\/www.cpasestaimpuis.be\/index.php\/wp-json\/wp\/v2\/pages\/29\/revisions\/2054"}],"wp:attachment":[{"href":"https:\/\/www.cpasestaimpuis.be\/index.php\/wp-json\/wp\/v2\/media?parent=29"}],"curies":[{"name":"wp","href":"https:\/\/api.w.org\/{rel}","templated":true}]}}