{"id":27,"date":"2017-04-24T10:02:57","date_gmt":"2017-04-24T08:02:57","guid":{"rendered":"http:\/\/www.cpasestaimpuis.be\/?page_id=27"},"modified":"2026-03-20T13:21:34","modified_gmt":"2026-03-20T12:21:34","slug":"blanchisserie","status":"publish","type":"page","link":"https:\/\/www.cpasestaimpuis.be\/index.php\/blanchisserie\/","title":{"rendered":"Blanchisserie"},"content":{"rendered":"<p>Notre Blanchisserie, situ\u00e9e rue du Pont Tunnel, 1 \u00e0 Estaimpuis, poss\u00e8de un service de ramassage de linge \u00e0 domicile.<\/p>\n<p>L&rsquo;enl\u00e8vement et la livraison de votre linge \u00e0 domicile s&rsquo;effectue <strong>tous les lundis matin.<\/strong><\/p>\n<p>Si vous d\u00e9sirez b\u00e9n\u00e9ficier de ce service, merci de bien vouloir contacter \u00ab\u00a0Flash Repassage\u00a0\u00bb au 056\/34.45.75.<\/p>\n<p>\u00a0<\/p>\n\n\n<figure class=\"wp-block-image size-full\"><img loading=\"lazy\" decoding=\"async\" width=\"348\" height=\"321\" src=\"https:\/\/www.cpasestaimpuis.be\/wp-content\/uploads\/2026\/03\/Capture-decran-2026-03-20-132104.png\" alt=\"\" class=\"wp-image-2228\" srcset=\"https:\/\/www.cpasestaimpuis.be\/wp-content\/uploads\/2026\/03\/Capture-decran-2026-03-20-132104.png 348w, https:\/\/www.cpasestaimpuis.be\/wp-content\/uploads\/2026\/03\/Capture-decran-2026-03-20-132104-300x277.png 300w\" sizes=\"(max-width: 348px) 100vw, 348px\" \/><\/figure>\n","protected":false},"excerpt":{"rendered":"<p>Notre Blanchisserie, situ\u00e9e rue du Pont Tunnel, 1 \u00e0 Estaimpuis, poss\u00e8de un service de ramassage de linge \u00e0 domicile. L&rsquo;enl\u00e8vement<\/p>\n","protected":false},"author":1,"featured_media":0,"parent":0,"menu_order":0,"comment_status":"closed","ping_status":"closed","template":"","meta":{"footnotes":""},"_links":{"self":[{"href":"https:\/\/www.cpasestaimpuis.be\/index.php\/wp-json\/wp\/v2\/pages\/27"}],"collection":[{"href":"https:\/\/www.cpasestaimpuis.be\/index.php\/wp-json\/wp\/v2\/pages"}],"about":[{"href":"https:\/\/www.cpasestaimpuis.be\/index.php\/wp-json\/wp\/v2\/types\/page"}],"author":[{"embeddable":true,"href":"https:\/\/www.cpasestaimpuis.be\/index.php\/wp-json\/wp\/v2\/users\/1"}],"replies":[{"embeddable":true,"href":"https:\/\/www.cpasestaimpuis.be\/index.php\/wp-json\/wp\/v2\/comments?post=27"}],"version-history":[{"count":15,"href":"https:\/\/www.cpasestaimpuis.be\/index.php\/wp-json\/wp\/v2\/pages\/27\/revisions"}],"predecessor-version":[{"id":2229,"href":"https:\/\/www.cpasestaimpuis.be\/index.php\/wp-json\/wp\/v2\/pages\/27\/revisions\/2229"}],"wp:attachment":[{"href":"https:\/\/www.cpasestaimpuis.be\/index.php\/wp-json\/wp\/v2\/media?parent=27"}],"curies":[{"name":"wp","href":"https:\/\/api.w.org\/{rel}","templated":true}]}}