{"id":19,"date":"2017-04-24T10:02:02","date_gmt":"2017-04-24T08:02:02","guid":{"rendered":"http:\/\/www.cpasestaimpuis.be\/?page_id=19"},"modified":"2023-01-26T11:51:08","modified_gmt":"2023-01-26T10:51:08","slug":"aide-juridique","status":"publish","type":"page","link":"https:\/\/www.cpasestaimpuis.be\/index.php\/aide-juridique\/","title":{"rendered":"Aide juridique"},"content":{"rendered":"<p>Des permanences juridiques sont propos\u00e9es au si\u00e8ge du C.P.A.S. d&rsquo;Estaimpuis tous les 3<sup>\u00e8me<\/sup> <strong>jeudi<\/strong> de chaque mois <strong>de 17 h \u00e0 18 h<\/strong>.<\/p>\n<p>Si vous d\u00e9sirez y participer, merci de bien vouloir vous inscrire au pr\u00e9alable en contactant le secr\u00e9tariat du C.P.A.S. au 056\/48.13.30.<\/p>\n<p>Si votre situation ne peut attendre, des permanences sont \u00e9galement effectu\u00e9es dans la r\u00e9gion de Tournai. Vous pouvez retrouver tous les renseignements n\u00e9cessaires en cliquant sur le lien suivant:\u00a0 <a href=\"https:\/\/www.barreaudetournai.be\/fr\/page\/particulier\/l-aide-juridique\">https:\/\/www.barreaudetournai.be\/fr\/page\/particulier\/l-aide-juridique<\/a><\/p>\n<p>\u00a0<\/p>\n\n\n<p><\/p>\n","protected":false},"excerpt":{"rendered":"<p>Des permanences juridiques sont propos\u00e9es au si\u00e8ge du C.P.A.S. d&rsquo;Estaimpuis tous les 3\u00e8me jeudi de chaque mois de 17 h<\/p>\n","protected":false},"author":1,"featured_media":0,"parent":0,"menu_order":0,"comment_status":"closed","ping_status":"closed","template":"","meta":{"footnotes":""},"_links":{"self":[{"href":"https:\/\/www.cpasestaimpuis.be\/index.php\/wp-json\/wp\/v2\/pages\/19"}],"collection":[{"href":"https:\/\/www.cpasestaimpuis.be\/index.php\/wp-json\/wp\/v2\/pages"}],"about":[{"href":"https:\/\/www.cpasestaimpuis.be\/index.php\/wp-json\/wp\/v2\/types\/page"}],"author":[{"embeddable":true,"href":"https:\/\/www.cpasestaimpuis.be\/index.php\/wp-json\/wp\/v2\/users\/1"}],"replies":[{"embeddable":true,"href":"https:\/\/www.cpasestaimpuis.be\/index.php\/wp-json\/wp\/v2\/comments?post=19"}],"version-history":[{"count":8,"href":"https:\/\/www.cpasestaimpuis.be\/index.php\/wp-json\/wp\/v2\/pages\/19\/revisions"}],"predecessor-version":[{"id":1880,"href":"https:\/\/www.cpasestaimpuis.be\/index.php\/wp-json\/wp\/v2\/pages\/19\/revisions\/1880"}],"wp:attachment":[{"href":"https:\/\/www.cpasestaimpuis.be\/index.php\/wp-json\/wp\/v2\/media?parent=19"}],"curies":[{"name":"wp","href":"https:\/\/api.w.org\/{rel}","templated":true}]}}