{"id":127,"date":"2017-04-26T11:38:04","date_gmt":"2017-04-26T09:38:04","guid":{"rendered":"http:\/\/www.cpasestaimpuis.be\/?page_id=127"},"modified":"2017-08-28T13:29:30","modified_gmt":"2017-08-28T11:29:30","slug":"article-27","status":"publish","type":"page","link":"https:\/\/www.cpasestaimpuis.be\/index.php\/article-27\/","title":{"rendered":"Article 27"},"content":{"rendered":"<p>\u00ab <em>Toute personne a le droit de prendre part librement \u00e0 la vie culturelle de la communaut\u00e9, de jouir des arts et de participer au progr\u00e8s scientifique et aux bienfaits qui en r\u00e9sultent<\/em>\u00bb.<br \/>\n(Extrait de l\u2019Art. 27 de la d\u00e9claration universelle des droits de l\u2019homme).<\/p>\n<p>L\u2019Article 27 est l\u2019opportunit\u00e9 pour les personnes disposant de faibles revenus d\u2019acc\u00e9der \u00e0 la vie culturelle. (Spectacles, animation, arts et essai, exploration du monde\u2026).<\/p>\n<p>Le Service social se tient \u00e0 la disposition des personnes int\u00e9ress\u00e9es.<\/p>\n<p>Plus d&rsquo;informations sur <a href=\"http:\/\/www.article27.be\">www.article27.be<\/a>.<\/p>\n","protected":false},"excerpt":{"rendered":"<p>\u00ab Toute personne a le droit de prendre part librement \u00e0 la vie culturelle de la communaut\u00e9, de jouir des<\/p>\n","protected":false},"author":1,"featured_media":0,"parent":0,"menu_order":0,"comment_status":"closed","ping_status":"closed","template":"","meta":{"footnotes":""},"_links":{"self":[{"href":"https:\/\/www.cpasestaimpuis.be\/index.php\/wp-json\/wp\/v2\/pages\/127"}],"collection":[{"href":"https:\/\/www.cpasestaimpuis.be\/index.php\/wp-json\/wp\/v2\/pages"}],"about":[{"href":"https:\/\/www.cpasestaimpuis.be\/index.php\/wp-json\/wp\/v2\/types\/page"}],"author":[{"embeddable":true,"href":"https:\/\/www.cpasestaimpuis.be\/index.php\/wp-json\/wp\/v2\/users\/1"}],"replies":[{"embeddable":true,"href":"https:\/\/www.cpasestaimpuis.be\/index.php\/wp-json\/wp\/v2\/comments?post=127"}],"version-history":[{"count":4,"href":"https:\/\/www.cpasestaimpuis.be\/index.php\/wp-json\/wp\/v2\/pages\/127\/revisions"}],"predecessor-version":[{"id":357,"href":"https:\/\/www.cpasestaimpuis.be\/index.php\/wp-json\/wp\/v2\/pages\/127\/revisions\/357"}],"wp:attachment":[{"href":"https:\/\/www.cpasestaimpuis.be\/index.php\/wp-json\/wp\/v2\/media?parent=127"}],"curies":[{"name":"wp","href":"https:\/\/api.w.org\/{rel}","templated":true}]}}