{"id":123,"date":"2017-04-26T11:29:43","date_gmt":"2017-04-26T09:29:43","guid":{"rendered":"http:\/\/www.cpasestaimpuis.be\/?page_id=123"},"modified":"2017-04-28T11:24:34","modified_gmt":"2017-04-28T09:24:34","slug":"ila","status":"publish","type":"page","link":"https:\/\/www.cpasestaimpuis.be\/index.php\/ila\/","title":{"rendered":"ILA"},"content":{"rendered":"<p>Les ILA sont des logements conventionn\u00e9s par l&rsquo;agence FEDASIL qui sont mis \u00e0 disposition des demandeurs d&rsquo;asile qui ont \u00e9t\u00e9 d\u00e9sign\u00e9s au C.P.A.S. d&rsquo;Estaimpuis dans le cadre du plan de r\u00e9partition.<\/p>\n<p>Ces demandeurs d&rsquo;asile b\u00e9n\u00e9ficient de leur droit \u00e0 l&rsquo;aide sociale durant leur proc\u00e9dure d&rsquo;asile sous forme d&rsquo;une aide mat\u00e9rielle.<\/p>\n","protected":false},"excerpt":{"rendered":"<p>Les ILA sont des logements conventionn\u00e9s par l&rsquo;agence FEDASIL qui sont mis \u00e0 disposition des demandeurs d&rsquo;asile qui ont \u00e9t\u00e9<\/p>\n","protected":false},"author":1,"featured_media":0,"parent":0,"menu_order":0,"comment_status":"closed","ping_status":"closed","template":"","meta":{"footnotes":""},"_links":{"self":[{"href":"https:\/\/www.cpasestaimpuis.be\/index.php\/wp-json\/wp\/v2\/pages\/123"}],"collection":[{"href":"https:\/\/www.cpasestaimpuis.be\/index.php\/wp-json\/wp\/v2\/pages"}],"about":[{"href":"https:\/\/www.cpasestaimpuis.be\/index.php\/wp-json\/wp\/v2\/types\/page"}],"author":[{"embeddable":true,"href":"https:\/\/www.cpasestaimpuis.be\/index.php\/wp-json\/wp\/v2\/users\/1"}],"replies":[{"embeddable":true,"href":"https:\/\/www.cpasestaimpuis.be\/index.php\/wp-json\/wp\/v2\/comments?post=123"}],"version-history":[{"count":2,"href":"https:\/\/www.cpasestaimpuis.be\/index.php\/wp-json\/wp\/v2\/pages\/123\/revisions"}],"predecessor-version":[{"id":160,"href":"https:\/\/www.cpasestaimpuis.be\/index.php\/wp-json\/wp\/v2\/pages\/123\/revisions\/160"}],"wp:attachment":[{"href":"https:\/\/www.cpasestaimpuis.be\/index.php\/wp-json\/wp\/v2\/media?parent=123"}],"curies":[{"name":"wp","href":"https:\/\/api.w.org\/{rel}","templated":true}]}}