{"id":110,"date":"2017-04-24T11:36:29","date_gmt":"2017-04-24T09:36:29","guid":{"rendered":"http:\/\/www.cpasestaimpuis.be\/?page_id=110"},"modified":"2026-05-05T10:18:14","modified_gmt":"2026-05-05T08:18:14","slug":"accueil","status":"publish","type":"page","link":"https:\/\/www.cpasestaimpuis.be\/","title":{"rendered":"Accueil"},"content":{"rendered":"\n<figure class=\"wp-block-image size-large is-resized\"><img loading=\"lazy\" decoding=\"async\" width=\"1024\" height=\"535\" src=\"http:\/\/www.cpasestaimpuis.be\/wp-content\/uploads\/2026\/03\/Reparations_urgentes_1200x627px_FR-1-1024x535.jpg\" alt=\"\" class=\"wp-image-2222\" style=\"width:717px;height:auto\" srcset=\"https:\/\/www.cpasestaimpuis.be\/wp-content\/uploads\/2026\/03\/Reparations_urgentes_1200x627px_FR-1-1024x535.jpg 1024w, https:\/\/www.cpasestaimpuis.be\/wp-content\/uploads\/2026\/03\/Reparations_urgentes_1200x627px_FR-1-300x157.jpg 300w, https:\/\/www.cpasestaimpuis.be\/wp-content\/uploads\/2026\/03\/Reparations_urgentes_1200x627px_FR-1-768x401.jpg 768w, https:\/\/www.cpasestaimpuis.be\/wp-content\/uploads\/2026\/03\/Reparations_urgentes_1200x627px_FR-1-390x205.jpg 390w, https:\/\/www.cpasestaimpuis.be\/wp-content\/uploads\/2026\/03\/Reparations_urgentes_1200x627px_FR-1.jpg 1200w\" sizes=\"(max-width: 1024px) 100vw, 1024px\" \/><\/figure>\n\n\n\n<figure class=\"wp-block-image size-large is-resized\"><img loading=\"lazy\" decoding=\"async\" width=\"1024\" height=\"508\" src=\"https:\/\/www.cpasestaimpuis.be\/wp-content\/uploads\/2025\/11\/image-1024x508.png\" alt=\"\" class=\"wp-image-2171\" style=\"width:377px;height:auto\" srcset=\"https:\/\/www.cpasestaimpuis.be\/wp-content\/uploads\/2025\/11\/image-1024x508.png 1024w, https:\/\/www.cpasestaimpuis.be\/wp-content\/uploads\/2025\/11\/image-300x149.png 300w, https:\/\/www.cpasestaimpuis.be\/wp-content\/uploads\/2025\/11\/image-768x381.png 768w, https:\/\/www.cpasestaimpuis.be\/wp-content\/uploads\/2025\/11\/image.png 1220w\" sizes=\"(max-width: 1024px) 100vw, 1024px\" \/><\/figure>\n\n\n\n<figure class=\"wp-block-image size-full is-resized\"><img loading=\"lazy\" decoding=\"async\" width=\"948\" height=\"788\" src=\"https:\/\/www.cpasestaimpuis.be\/wp-content\/uploads\/2025\/11\/image-1.png\" alt=\"\" class=\"wp-image-2173\" style=\"width:315px;height:auto\" srcset=\"https:\/\/www.cpasestaimpuis.be\/wp-content\/uploads\/2025\/11\/image-1.png 948w, https:\/\/www.cpasestaimpuis.be\/wp-content\/uploads\/2025\/11\/image-1-300x249.png 300w, https:\/\/www.cpasestaimpuis.be\/wp-content\/uploads\/2025\/11\/image-1-768x638.png 768w\" sizes=\"(max-width: 948px) 100vw, 948px\" \/><\/figure>\n\n\n\n<p><img loading=\"lazy\" decoding=\"async\" height=\"16\" width=\"16\" src=\"https:\/\/static.xx.fbcdn.net\/images\/emoji.php\/v9\/tdc\/1\/16\/26a0.png\" alt=\"\u26a0\"><img loading=\"lazy\" decoding=\"async\" height=\"16\" width=\"16\" src=\"https:\/\/static.xx.fbcdn.net\/images\/emoji.php\/v9\/t8d\/1\/16\/26aa.png\" alt=\"\u26aa\ufe0f\">\ud835\udc00\ud835\udc2f\ud835\udc1e\ud835\udc33-\ud835\udc2f\ud835\udc28\ud835\udc2e\ud835\udc2c \ud835\udc1b\ud835\udc22\ud835\udc1e\ud835\udc27 \ud835\udc22\ud835\udc27\ud835\udc2c\ud835\udc2d\ud835\udc1a\ud835\udc25\ud835\udc25\ud835\udc1e\u0301 \ud835\udc2e\ud835\udc27 \ud835\udc28\ud835\udc2e \ud835\udc29\ud835\udc25\ud835\udc2e\ud835\udc2c\ud835\udc22\ud835\udc1e\ud835\udc2e\ud835\udc2b\ud835\udc2c \ud835\udc1d\ud835\udc1e\u0301\ud835\udc2d\ud835\udc1e\ud835\udc1c\ud835\udc2d\ud835\udc1e\ud835\udc2e\ud835\udc2b\ud835\udc2c \ud835\udc1d\ud835\udc1e \ud835\udc1f\ud835\udc2e\ud835\udc26\ud835\udc1e\u0301\ud835\udc1e \ud835\udc1d\ud835\udc1a\ud835\udc27\ud835\udc2c \ud835\udc2f\ud835\udc28\ud835\udc2d\ud835\udc2b\ud835\udc1e \ud835\udc21\ud835\udc1a\ud835\udc1b\ud835\udc22\ud835\udc2d\ud835\udc1a\ud835\udc2d\ud835\udc22\ud835\udc28\ud835\udc27 ?<\/p>\n\n\n\n<p>Cette obligation peut vous sauver la vie ! En effet, nos sens, la vue, <a><\/a>l\u2019odorat et l\u2019ou\u00efe, ne suffisent pas \u00e0 percevoir rapidement un d\u00e9but d\u2019incendie, tout particuli\u00e8rement la nuit.<img loading=\"lazy\" decoding=\"async\" height=\"16\" width=\"16\" alt=\"\ud83c\udf03\" src=\"https:\/\/static.xx.fbcdn.net\/images\/emoji.php\/v9\/t8e\/1\/16\/1f303.png\"><\/p>\n\n\n\n<p><img loading=\"lazy\" decoding=\"async\" height=\"16\" width=\"16\" alt=\"\ud83d\udfe0\" src=\"https:\/\/static.xx.fbcdn.net\/images\/emoji.php\/v9\/tfa\/1\/16\/1f7e0.png\">\ud835\udc0e\ud835\udc2e\u0300 \ud835\udc29\ud835\udc25\ud835\udc1a\ud835\udc1c\ud835\udc1e\ud835\udc2b \ud835\udc2e\ud835\udc27 \ud835\udc1d\ud835\udc1e\u0301\ud835\udc2d\ud835\udc1e\ud835\udc1c\ud835\udc2d\ud835\udc1e\ud835\udc2e\ud835\udc2b ?<\/p>\n\n\n\n<p>Le d\u00e9tecteur doit \u00eatre install\u00e9 prioritairement dans les halls ou les couloirs, \u00e0 chaque niveau de vie qui comporte au moins une pi\u00e8ce d\u2019habitation.<\/p>\n\n\n\n<p><img loading=\"lazy\" decoding=\"async\" height=\"16\" width=\"16\" alt=\"\ud83d\udfe0\" src=\"https:\/\/static.xx.fbcdn.net\/images\/emoji.php\/v9\/tfa\/1\/16\/1f7e0.png\">\ud835\udc10\ud835\udc2e\ud835\udc1e\ud835\udc25 \ud835\udc2d\ud835\udc32\ud835\udc29\ud835\udc1e \ud835\udc1d\ud835\udc1e \ud835\udc1d\ud835\udc1e\u0301\ud835\udc2d\ud835\udc1e\ud835\udc1c\ud835\udc2d\ud835\udc1e\ud835\udc2e\ud835\udc2b \ud835\udc1c\ud835\udc21\ud835\udc28\ud835\udc22\ud835\udc2c\ud835\udc22\ud835\udc2b ?<\/p>\n\n\n\n<p>Les d\u00e9tecteurs doivent \u00eatre conformes \u00e0 la norme NBN EN 14604 et agr\u00e9\u00e9s BOSEC. Ils doivent \u00eatre garantis 5 ans.<\/p>\n\n\n\n<p><img loading=\"lazy\" decoding=\"async\" height=\"16\" width=\"16\" alt=\"\ud83d\udfe0\" src=\"https:\/\/static.xx.fbcdn.net\/images\/emoji.php\/v9\/tfa\/1\/16\/1f7e0.png\">\ud835\udc02\ud835\udc28\ud835\udc26\ud835\udc1b\ud835\udc22\ud835\udc1e\ud835\udc27 \ud835\udc1d\ud835\udc1e \ud835\udc1d\ud835\udc1e\u0301\ud835\udc2d\ud835\udc1e\ud835\udc1c\ud835\udc2d\ud835\udc1e\ud835\udc2e\ud835\udc2b\ud835\udc2c \ud835\udc22\ud835\udc27\ud835\udc2c\ud835\udc2d\ud835\udc1a\ud835\udc25\ud835\udc25\ud835\udc1e\ud835\udc2b ?<\/p>\n\n\n\n<p>Il faut compter un d\u00e9tecteur par niveau de vie de moins de 80 m2 et comportant au moins une pi\u00e8ce d\u2019habitation. Si la superficie du niveau de vie est sup\u00e9rieure \u00e0 80 m2, il faudra placer deux d\u00e9tecteurs.<\/p>\n\n\n\n<p><img loading=\"lazy\" decoding=\"async\" height=\"16\" width=\"16\" alt=\"\ud83d\udc49\" src=\"https:\/\/static.xx.fbcdn.net\/images\/emoji.php\/v9\/t51\/1\/16\/1f449.png\">Plus d\u2019infos : <a href=\"https:\/\/bit.ly\/43ZMP9l?fbclid=IwZXh0bgNhZW0CMTAAYnJpZBEwZmM2MHZicWpCUmljd1NQMnNydGMGYXBwX2lkEDIyMjAzOTE3ODgyMDA4OTIAAR6wKijfO_SVJysPqY3VjY9NTvXmeibfZwIj8xQVcuD5EHgEAzt8SX9g_j3Meg_aem_Z-f6L-JkTKSagtR6O21A5Q\" rel=\"noreferrer noopener\" target=\"_blank\">https:\/\/bit.ly\/43ZMP9l<\/a><\/p>\n\n\n\n<p><\/p>\n\n\n\n<div style=\"height:32px\" aria-hidden=\"true\" class=\"wp-block-spacer\"><\/div>\n\n\n\n<div class=\"wp-block-group\"><div class=\"wp-block-group__inner-container is-layout-flow wp-block-group-is-layout-flow\">\n<h6 class=\"wp-block-heading\"><strong>Permanences sociales \u00e0 partir du lundi 3 octobre 2022:<\/strong><\/h6>\n\n\n\n<p>Nos assistantes sociales vous re\u00e7oivent sans rendez-vous <strong>les lundi et jeudi de 9h00 \u00e0 11h30 .<\/strong><\/p>\n<\/div><\/div>\n\n\n\n<p><strong>CPAS D&rsquo;ESTAIMPUIS &#8211; ORGANISATION<\/strong><\/p>\n\n\n\n<p>Les personnes, qui souhaitent contacter les services du CPAS peuvent&nbsp;:<\/p>\n\n\n\n<ol>\n<li>T\u00e9l\u00e9phoner au 056-48.13.30&nbsp;;<\/li>\n<\/ol>\n\n\n\n<ol start=\"2\">\n<li>Ou envoyer un courriel \u00e0&nbsp;: <a href=\"mailto:cpas@estaimpuis.be\">cpas@estaimpuis.be<\/a> ;&nbsp;<\/li>\n<\/ol>\n\n\n\n<p><strong>Les rendez-vous sont d\u00e9termin\u00e9s par l\u2019assistante sociale.<\/strong><\/p>\n\n\n\n<p>Les visites \u00e0 domicile sont d\u00e9cid\u00e9es par l\u2019assistante sociales en fonction des n\u00e9cessit\u00e9s de l\u2019enqu\u00eate sociale. <\/p>\n\n\n\n<p><\/p>\n\n\n\n<p>Service social&nbsp;:<\/p>\n\n\n\n<ul>\n<li><strong>Madame M\u00e9lanie ARCY<\/strong> \u2013 Assistante sociale secteur Bailleul \u2013 Responsable du service social&nbsp;\u2013 M\u00e9diation de dettes &#8211; Banque alimentaire &#8211; CLE (Commission locale \u00e9nergie) &#8211; R\u00e9f\u00e9rente Plan d&rsquo;intervention psycho-social &#8211;  Email&nbsp;:&nbsp;<a href=\"mailto:melaniearcy@estaimpuis.be\">melaniearcy@estaimpuis.be<\/a> &#8211; T\u00e9l\u00e9phone: 056\/48.13.22.<\/li>\n<\/ul>\n\n\n\n<ul>\n<li><strong>Madame Maryse BURET <\/strong>\u2013 Assistante sociale secteurs N\u00e9chin et St-L\u00e9ger \u2013 Insertion socio-professionnelle &#8211;                                                                               Email&nbsp;:&nbsp;<a href=\"mailto:maryseburet@estaimpuis.be\">maryseburet@estaimpuis.be<\/a> &#8211; T\u00e9l\u00e9phone: 056\/48.13.43.<\/li>\n<\/ul>\n\n\n\n<ul>\n<li><strong>Madame Pauline DHOOGHE<\/strong> &#8211; Assistante sociale secteurs Estaimpuis et Estaimbourg &#8211; Initiative Locale d&rsquo;Accueil (ILA) et ressortissants \u00e9trangers &#8211; Email: <a href=\"mailto:pauline.dhooghe@estaimpuis.be\">pauline.dhooghe@estaimpuis.be<\/a> &#8211; T\u00e9l\u00e9phone: 056\/48.13.34<\/li>\n<\/ul>\n\n\n\n<ul>\n<li><strong>Madame Allison BOUCKENOOGHE<\/strong> &#8211; Assistante sociale secteurs Leers-Nord et Evregnies &#8211;                                                                                                                        Email: <a href=\"mailto:allison.bouckenooghe@estaimpuis.be\">allison.bouckenooghe@estaimpuis.be<\/a>  &#8211; T\u00e9l\u00e9phone: 056\/48.13.33<\/li>\n<\/ul>\n\n\n\n<p>Pour le service des aides m\u00e9nag\u00e8res, les personnes int\u00e9ress\u00e9es peuvent&nbsp;contacter <strong>Madame Caroline STEVENS , Madame&nbsp;A\u00efcha BOUGHERBI&nbsp;ou Madame H\u00e9lo\u00efse Grignard<\/strong> \u2013 T\u00e9l.&nbsp;: 056-48.13.30 ou envoyer un courriel \u00e0 l\u2019adresse&nbsp;:&nbsp;<a href=\"mailto:cpas@estaimpuis.be\">cpas@estaimpuis.be<\/a><\/p>\n\n\n\n<p>Pour tout renseignement compl\u00e9mentaire&nbsp;:<\/p>\n\n\n\n<ul>\n<li><strong>Geoffrey VANBOUT&nbsp;\u2013 Pr\u00e9sident du CPAS<\/strong><\/li>\n<\/ul>\n\n\n\n<p>T\u00e9l.&nbsp;: 056-48.13.40 \u2013&nbsp;<a href=\"mailto:geoffrey.vanbout@estaimpuis.be\">geoffrey.vanbout@estaimpuis.be<\/a>&nbsp;ou&nbsp;<a href=\"mailto:cpas@estaimpuis.be\">cpas@estaimpuis.be<\/a><\/p>\n\n\n\n<p>Site&nbsp;:&nbsp;<a href=\"https:\/\/nam12.safelinks.protection.outlook.com\/?url=http%3A%2F%2Fwww.cpasestaimpuis.be%2F&amp;data=02%7C01%7C%7C889cb350d2a74268a92308d7f411ff37%7C84df9e7fe9f640afb435aaaaaaaaaaaa%7C1%7C0%7C637246230440706337&amp;sdata=tLjtWWCR0qmCrPZTB4hyfUkmeu0r%2FLJSbYImJNs77a0%3D&amp;reserved=0\">http:\/\/www.cpasestaimpuis.be\/<\/a><\/p>\n\n\n\n<p><\/p>\n\n\n\n<h4 class=\"wp-block-heading\"><\/h4>\n\n\n\n\n","protected":false},"excerpt":{"rendered":"<p>\ud835\udc00\ud835\udc2f\ud835\udc1e\ud835\udc33-\ud835\udc2f\ud835\udc28\ud835\udc2e\ud835\udc2c \ud835\udc1b\ud835\udc22\ud835\udc1e\ud835\udc27 \ud835\udc22\ud835\udc27\ud835\udc2c\ud835\udc2d\ud835\udc1a\ud835\udc25\ud835\udc25\ud835\udc1e\u0301 \ud835\udc2e\ud835\udc27 \ud835\udc28\ud835\udc2e \ud835\udc29\ud835\udc25\ud835\udc2e\ud835\udc2c\ud835\udc22\ud835\udc1e\ud835\udc2e\ud835\udc2b\ud835\udc2c \ud835\udc1d\ud835\udc1e\u0301\ud835\udc2d\ud835\udc1e\ud835\udc1c\ud835\udc2d\ud835\udc1e\ud835\udc2e\ud835\udc2b\ud835\udc2c \ud835\udc1d\ud835\udc1e \ud835\udc1f\ud835\udc2e\ud835\udc26\ud835\udc1e\u0301\ud835\udc1e \ud835\udc1d\ud835\udc1a\ud835\udc27\ud835\udc2c \ud835\udc2f\ud835\udc28\ud835\udc2d\ud835\udc2b\ud835\udc1e \ud835\udc21\ud835\udc1a\ud835\udc1b\ud835\udc22\ud835\udc2d\ud835\udc1a\ud835\udc2d\ud835\udc22\ud835\udc28\ud835\udc27 ? Cette obligation peut vous sauver la vie<\/p>\n","protected":false},"author":1,"featured_media":0,"parent":0,"menu_order":0,"comment_status":"closed","ping_status":"closed","template":"","meta":{"footnotes":""},"_links":{"self":[{"href":"https:\/\/www.cpasestaimpuis.be\/index.php\/wp-json\/wp\/v2\/pages\/110"}],"collection":[{"href":"https:\/\/www.cpasestaimpuis.be\/index.php\/wp-json\/wp\/v2\/pages"}],"about":[{"href":"https:\/\/www.cpasestaimpuis.be\/index.php\/wp-json\/wp\/v2\/types\/page"}],"author":[{"embeddable":true,"href":"https:\/\/www.cpasestaimpuis.be\/index.php\/wp-json\/wp\/v2\/users\/1"}],"replies":[{"embeddable":true,"href":"https:\/\/www.cpasestaimpuis.be\/index.php\/wp-json\/wp\/v2\/comments?post=110"}],"version-history":[{"count":184,"href":"https:\/\/www.cpasestaimpuis.be\/index.php\/wp-json\/wp\/v2\/pages\/110\/revisions"}],"predecessor-version":[{"id":2233,"href":"https:\/\/www.cpasestaimpuis.be\/index.php\/wp-json\/wp\/v2\/pages\/110\/revisions\/2233"}],"wp:attachment":[{"href":"https:\/\/www.cpasestaimpuis.be\/index.php\/wp-json\/wp\/v2\/media?parent=110"}],"curies":[{"name":"wp","href":"https:\/\/api.w.org\/{rel}","templated":true}]}}